{"id":1359,"date":"2019-11-22T11:27:45","date_gmt":"2019-11-22T09:27:45","guid":{"rendered":"https:\/\/andremoch.de\/?page_id=1359"},"modified":"2024-04-10T11:28:53","modified_gmt":"2024-04-10T09:28:53","slug":"mit-besten-empfehlungen","status":"publish","type":"page","link":"https:\/\/andremoch.de\/?page_id=1359","title":{"rendered":"Mit besten Empfehlungen"},"content":{"rendered":"\n<h3 class=\"wp-block-heading\">Mit besten Empfehlungen.<\/h3>\n\n\n\n<h3 class=\"wp-block-heading\"><br><br>Dieter Sieg, ESG Specialist<\/h3>\n\n\n\n<p>Nur Unternehmen denen es gelingt, das Wort \u201eNachhaltigkeit\u201c <br>in visuelle Strategien zu \u00fcberf\u00fchren, Menschen zu erreichen und <br>zu ber\u00fchren, k\u00f6nnen sich dauerhaft zukunftsf\u00e4hig aufstellen.<\/p>\n\n\n\n<p><a href=\"https:\/\/dietersieg.de\" target=\"_blank\" rel=\"noopener noreferrer\">www.dietersieg.de<\/a><\/p>\n\n\n\n<h3 class=\"wp-block-heading\"><br><br>ROTHERDESIGN<\/h3>\n\n\n\n<p>ROTHERDESIGN entwickelt und realisiert Design- und <br>Kommunikationsl\u00f6sungen f\u00fcr Organisationen und <br>Unternehmen mit komplexen Produkten und Dienstleistungen. <\/p>\n\n\n\n<p><a href=\"http:\/\/www.rother.design\/\" target=\"_blank\" rel=\"noopener noreferrer\">www.rother.design<\/a> <\/p>\n\n\n\n<p><\/p>\n\n\n\n<p><\/p>\n","protected":false},"excerpt":{"rendered":"<p>Mit besten Empfehlungen. Dieter Sieg, ESG Specialist Nur Unternehmen denen es gelingt, das Wort \u201eNachhaltigkeit\u201c in visuelle Strategien zu \u00fcberf\u00fchren, Menschen zu erreichen und zu ber\u00fchren, k\u00f6nnen sich dauerhaft zukunftsf\u00e4hig aufstellen. www.dietersieg.de ROTHERDESIGN ROTHERDESIGN entwickelt und realisiert Design- und Kommunikationsl\u00f6sungen f\u00fcr Organisationen und Unternehmen mit komplexen Produkten und Dienstleistungen. www.rother.design<\/p>\n","protected":false},"author":1,"featured_media":0,"parent":0,"menu_order":0,"comment_status":"closed","ping_status":"closed","template":"","meta":{"footnotes":""},"_links":{"self":[{"href":"https:\/\/andremoch.de\/index.php?rest_route=\/wp\/v2\/pages\/1359"}],"collection":[{"href":"https:\/\/andremoch.de\/index.php?rest_route=\/wp\/v2\/pages"}],"about":[{"href":"https:\/\/andremoch.de\/index.php?rest_route=\/wp\/v2\/types\/page"}],"author":[{"embeddable":true,"href":"https:\/\/andremoch.de\/index.php?rest_route=\/wp\/v2\/users\/1"}],"replies":[{"embeddable":true,"href":"https:\/\/andremoch.de\/index.php?rest_route=%2Fwp%2Fv2%2Fcomments&post=1359"}],"version-history":[{"count":8,"href":"https:\/\/andremoch.de\/index.php?rest_route=\/wp\/v2\/pages\/1359\/revisions"}],"predecessor-version":[{"id":1416,"href":"https:\/\/andremoch.de\/index.php?rest_route=\/wp\/v2\/pages\/1359\/revisions\/1416"}],"wp:attachment":[{"href":"https:\/\/andremoch.de\/index.php?rest_route=%2Fwp%2Fv2%2Fmedia&parent=1359"}],"curies":[{"name":"wp","href":"https:\/\/api.w.org\/{rel}","templated":true}]}}